{"id":1132,"date":"2024-09-02T14:02:31","date_gmt":"2024-09-02T14:02:31","guid":{"rendered":"https:\/\/proeventsuk.com\/?page_id=1132"},"modified":"2024-09-02T16:53:39","modified_gmt":"2024-09-02T16:53:39","slug":"oferta","status":"publish","type":"page","link":"https:\/\/proeventsuk.com\/en\/oferta\/","title":{"rendered":"Offer"},"content":{"rendered":"<p>[et_pb_section fb_built=&#8221;1&#8243; admin_label=&#8221;Header&#8221; _builder_version=&#8221;4.24.0&#8243; _module_preset=&#8221;default&#8221; background_color=&#8221;gcid-8020c5c5-3063-43d3-92c5-9fcdd948cb76&#8243; custom_padding=&#8221;1%||0px||false|false&#8221; locked=&#8221;off&#8221; collapsed=&#8221;on&#8221; global_colors_info=&#8221;{%22gcid-8020c5c5-3063-43d3-92c5-9fcdd948cb76%22:%91%22background_color%22%93}&#8221;][et_pb_row _builder_version=&#8221;4.25.0&#8243; _module_preset=&#8221;default&#8221; max_width=&#8221;700px&#8221; module_alignment=&#8221;center&#8221; custom_padding=&#8221;||0px||false|false&#8221; global_colors_info=&#8221;{}&#8221;][et_pb_column type=&#8221;4_4&#8243; _builder_version=&#8221;4.21.0&#8243; _module_preset=&#8221;default&#8221; global_colors_info=&#8221;{}&#8221;][et_pb_text _builder_version=&#8221;4.27.0&#8243; _module_preset=&#8221;ab0ac42d-65a0-4f0d-a75e-6c42b4a147ff&#8221; header_font=&#8221;|700|||||||&#8221; header_text_color=&#8221;gcid-266ba876-53e9-43d2-8326-b935293de15e&#8221; text_orientation=&#8221;center&#8221; custom_margin=&#8221;||10px||false|false&#8221; hover_enabled=&#8221;0&#8243; header_font_size_tablet=&#8221;&#8221; header_font_size_phone=&#8221;35px&#8221; header_font_size_last_edited=&#8221;on|phone&#8221; header_text_shadow_style=&#8221;preset1&#8243; header_text_shadow_color=&#8221;rgba(0,0,0,0.3)&#8221; global_colors_info=&#8221;{%22gcid-266ba876-53e9-43d2-8326-b935293de15e%22:%91%22header_text_color%22%93}&#8221; animation_style=&#8221;zoom&#8221; sticky_enabled=&#8221;0&#8243;]<\/p>\n<h1>Solicita oferta<\/h1>\n<p>[\/et_pb_text][et_pb_text _builder_version=&#8221;4.27.0&#8243; _module_preset=&#8221;b4184ec2-daaf-4b31-8f22-d65a0bd06ddd&#8221; text_text_color=&#8221;#FFFFFF&#8221; text_font_size=&#8221;17px&#8221; text_orientation=&#8221;center&#8221; hover_enabled=&#8221;0&#8243; global_colors_info=&#8221;{}&#8221; animation_style=&#8221;flip&#8221; sticky_enabled=&#8221;0&#8243;]<\/p>\n<p>Echipa noastra dedicata este aici pentru a va oferi cele mai bune servicii<\/p>\n<p>[\/et_pb_text][\/et_pb_column][\/et_pb_row][\/et_pb_section][et_pb_section fb_built=&#8221;1&#8243; _builder_version=&#8221;4.27.0&#8243; _module_preset=&#8221;default&#8221; background_color=&#8221;gcid-8020c5c5-3063-43d3-92c5-9fcdd948cb76&#8243; custom_margin=&#8221;||||false|false&#8221; custom_padding=&#8221;1%||||false|false&#8221; global_colors_info=&#8221;{%22gcid-8020c5c5-3063-43d3-92c5-9fcdd948cb76%22:%91%22background_color%22%93}&#8221;][et_pb_row _builder_version=&#8221;4.27.0&#8243; _module_preset=&#8221;default&#8221; width_tablet=&#8221;90%&#8221; width_phone=&#8221;90%&#8221; width_last_edited=&#8221;on|phone&#8221; global_colors_info=&#8221;{}&#8221;][et_pb_column type=&#8221;4_4&#8243; _builder_version=&#8221;4.27.0&#8243; _module_preset=&#8221;default&#8221; background_color=&#8221;gcid-82d83944-af25-421c-b75e-b1248ab1bd38&#8243; border_radii=&#8221;on|15px|15px|15px|15px&#8221; global_colors_info=&#8221;{%22gcid-82d83944-af25-421c-b75e-b1248ab1bd38%22:%91%22background_color%22%93}&#8221;][et_pb_contact_form captcha=&#8221;off&#8221; email=&#8221;moderator.proevents@gmail.com&#8221; title=&#8221;Contacteaz\u0103-ne pentru oferte personalizate&#8221; custom_message=&#8221;Solicitare oferta||et_pb_line_break_holder||||et_pb_line_break_holder||Nume: %%Name%%||et_pb_line_break_holder||Adresa email: %%Email%%||et_pb_line_break_holder||Tip eveniment: %%tip%%||et_pb_line_break_holder||Locatie: %%Locatie%%||et_pb_line_break_holder||Data: %%Data%%||et_pb_line_break_holder||||et_pb_line_break_holder||Servicii: %%Servicii%%&#8221; success_message=&#8221;\u00ce\u021bi mul\u021bumim pentru mesaj! Echipa noastr\u0103 va r\u0103spunde c\u00e2t mai cur\u00e2nd posibil pentru a discuta despre evenimentul t\u0103u.&#8221; submit_button_text=&#8221;Trimite&#8221; _builder_version=&#8221;4.27.0&#8243; _module_preset=&#8221;default&#8221; _unique_id=&#8221;a0d647bb-d91e-4a1f-8d22-8b8a12a0d82c&#8221; form_field_background_color=&#8221;RGBA(255,255,255,0)&#8221; form_field_text_color=&#8221;#FFFFFF&#8221; form_field_focus_background_color=&#8221;RGBA(255,255,255,0)&#8221; form_field_focus_text_color=&#8221;#FFFFFF&#8221; form_field_custom_margin_tablet=&#8221;5px||||false|false&#8221; form_field_custom_margin_phone=&#8221;10px||||false|false&#8221; form_field_custom_margin_last_edited=&#8221;on|phone&#8221; title_level=&#8221;h2&#8243; title_text_color=&#8221;#FFFFFF&#8221; title_line_height=&#8221;1.3em&#8221; background_enable_color=&#8221;off&#8221; custom_button=&#8221;on&#8221; button_text_color=&#8221;gcid-primary-color&#8221; button_border_color=&#8221;gcid-primary-color&#8221; button_border_radius=&#8221;100px&#8221; custom_padding=&#8221;3%|3%|3%|3%|true|true&#8221; custom_padding_tablet=&#8221;5%|4%|5%|4%|true|true&#8221; custom_padding_phone=&#8221;5%|4%|5%|4%|true|true&#8221; custom_padding_last_edited=&#8221;on|tablet&#8221; custom_css_free_form=&#8221;.et-pb-contact-message{||  color:white;||}&#8221; border_radii=&#8221;on|15px|15px|15px|15px&#8221; border_width_all=&#8221;1px&#8221; border_color_all=&#8221;gcid-primary-color&#8221; global_colors_info=&#8221;{%22gcid-primary-color%22:%91%22border_color_all%22,%22button_text_color%22,%22button_bg_color__hover%22,%22button_border_color%22%93}&#8221; button_bg_color__hover_enabled=&#8221;on|hover&#8221; button_bg_color__hover=&#8221;#2ea3f2&#8243; button_bg_enable_color__hover=&#8221;on&#8221; button_text_color__hover_enabled=&#8221;on|hover&#8221; button_text_color__hover=&#8221;#FFFFFF&#8221; button_border_color__hover_enabled=&#8221;off|hover&#8221;][et_pb_contact_field field_id=&#8221;Name&#8221; field_title=&#8221;Nume&#8221; _builder_version=&#8221;4.27.0&#8243; global_colors_info=&#8221;{}&#8221; button_text_size__hover_enabled=&#8221;off&#8221; button_one_text_size__hover_enabled=&#8221;off&#8221; button_two_text_size__hover_enabled=&#8221;off&#8221; button_text_color__hover_enabled=&#8221;off&#8221; button_one_text_color__hover_enabled=&#8221;off&#8221; button_two_text_color__hover_enabled=&#8221;off&#8221; button_border_width__hover_enabled=&#8221;off&#8221; button_one_border_width__hover_enabled=&#8221;off&#8221; button_two_border_width__hover_enabled=&#8221;off&#8221; button_border_color__hover_enabled=&#8221;off&#8221; button_one_border_color__hover_enabled=&#8221;off&#8221; button_two_border_color__hover_enabled=&#8221;off&#8221; button_border_radius__hover_enabled=&#8221;off&#8221; button_one_border_radius__hover_enabled=&#8221;off&#8221; button_two_border_radius__hover_enabled=&#8221;off&#8221; button_letter_spacing__hover_enabled=&#8221;off&#8221; button_one_letter_spacing__hover_enabled=&#8221;off&#8221; button_two_letter_spacing__hover_enabled=&#8221;off&#8221; button_bg_color__hover_enabled=&#8221;off&#8221; button_one_bg_color__hover_enabled=&#8221;off&#8221; button_two_bg_color__hover_enabled=&#8221;off&#8221;][\/et_pb_contact_field][et_pb_contact_field field_id=&#8221;Email&#8221; field_title=&#8221;Adres\u0103 Email&#8221; field_type=&#8221;email&#8221; _builder_version=&#8221;4.27.0&#8243; global_colors_info=&#8221;{}&#8221; button_text_size__hover_enabled=&#8221;off&#8221; button_one_text_size__hover_enabled=&#8221;off&#8221; button_two_text_size__hover_enabled=&#8221;off&#8221; button_text_color__hover_enabled=&#8221;off&#8221; button_one_text_color__hover_enabled=&#8221;off&#8221; button_two_text_color__hover_enabled=&#8221;off&#8221; button_border_width__hover_enabled=&#8221;off&#8221; button_one_border_width__hover_enabled=&#8221;off&#8221; button_two_border_width__hover_enabled=&#8221;off&#8221; button_border_color__hover_enabled=&#8221;off&#8221; button_one_border_color__hover_enabled=&#8221;off&#8221; button_two_border_color__hover_enabled=&#8221;off&#8221; button_border_radius__hover_enabled=&#8221;off&#8221; button_one_border_radius__hover_enabled=&#8221;off&#8221; button_two_border_radius__hover_enabled=&#8221;off&#8221; button_letter_spacing__hover_enabled=&#8221;off&#8221; button_one_letter_spacing__hover_enabled=&#8221;off&#8221; button_two_letter_spacing__hover_enabled=&#8221;off&#8221; button_bg_color__hover_enabled=&#8221;off&#8221; button_one_bg_color__hover_enabled=&#8221;off&#8221; button_two_bg_color__hover_enabled=&#8221;off&#8221;][\/et_pb_contact_field][et_pb_contact_field field_id=&#8221;Tip&#8221; field_title=&#8221;Tip eveniment&#8221; _builder_version=&#8221;4.27.0&#8243; global_colors_info=&#8221;{}&#8221; button_text_size__hover_enabled=&#8221;off&#8221; button_one_text_size__hover_enabled=&#8221;off&#8221; button_two_text_size__hover_enabled=&#8221;off&#8221; button_text_color__hover_enabled=&#8221;off&#8221; button_one_text_color__hover_enabled=&#8221;off&#8221; button_two_text_color__hover_enabled=&#8221;off&#8221; button_border_width__hover_enabled=&#8221;off&#8221; button_one_border_width__hover_enabled=&#8221;off&#8221; button_two_border_width__hover_enabled=&#8221;off&#8221; button_border_color__hover_enabled=&#8221;off&#8221; button_one_border_color__hover_enabled=&#8221;off&#8221; button_two_border_color__hover_enabled=&#8221;off&#8221; button_border_radius__hover_enabled=&#8221;off&#8221; button_one_border_radius__hover_enabled=&#8221;off&#8221; button_two_border_radius__hover_enabled=&#8221;off&#8221; button_letter_spacing__hover_enabled=&#8221;off&#8221; button_one_letter_spacing__hover_enabled=&#8221;off&#8221; button_two_letter_spacing__hover_enabled=&#8221;off&#8221; button_bg_color__hover_enabled=&#8221;off&#8221; button_one_bg_color__hover_enabled=&#8221;off&#8221; button_two_bg_color__hover_enabled=&#8221;off&#8221;][\/et_pb_contact_field][et_pb_contact_field field_id=&#8221;Data&#8221; field_title=&#8221;Data&#8221; _builder_version=&#8221;4.27.0&#8243; global_colors_info=&#8221;{}&#8221; button_text_size__hover_enabled=&#8221;off&#8221; button_one_text_size__hover_enabled=&#8221;off&#8221; button_two_text_size__hover_enabled=&#8221;off&#8221; button_text_color__hover_enabled=&#8221;off&#8221; button_one_text_color__hover_enabled=&#8221;off&#8221; button_two_text_color__hover_enabled=&#8221;off&#8221; button_border_width__hover_enabled=&#8221;off&#8221; button_one_border_width__hover_enabled=&#8221;off&#8221; button_two_border_width__hover_enabled=&#8221;off&#8221; button_border_color__hover_enabled=&#8221;off&#8221; button_one_border_color__hover_enabled=&#8221;off&#8221; button_two_border_color__hover_enabled=&#8221;off&#8221; button_border_radius__hover_enabled=&#8221;off&#8221; button_one_border_radius__hover_enabled=&#8221;off&#8221; button_two_border_radius__hover_enabled=&#8221;off&#8221; button_letter_spacing__hover_enabled=&#8221;off&#8221; button_one_letter_spacing__hover_enabled=&#8221;off&#8221; button_two_letter_spacing__hover_enabled=&#8221;off&#8221; button_bg_color__hover_enabled=&#8221;off&#8221; button_one_bg_color__hover_enabled=&#8221;off&#8221; button_two_bg_color__hover_enabled=&#8221;off&#8221;][\/et_pb_contact_field][et_pb_contact_field field_id=&#8221;Locatie&#8221; field_title=&#8221;Locatie&#8221; fullwidth_field=&#8221;on&#8221; _builder_version=&#8221;4.27.0&#8243; _module_preset=&#8221;default&#8221; global_colors_info=&#8221;{}&#8221;][\/et_pb_contact_field][et_pb_contact_field field_id=&#8221;Servicii&#8221; field_title=&#8221;Servicii&#8221; field_type=&#8221;checkbox&#8221; checkbox_options=&#8221;%91{%22value%22:%22DJ%22,%22checked%22:0,%22dragID%22:-1},{%22value%22:%22MC%22,%22checked%22:0,%22dragID%22:0},{%22value%22:%22FOTO &#038; VIDEO 4K%22,%22checked%22:0,%22dragID%22:1},{%22value%22:%22DRONA%22,%22checked%22:0,%22dragID%22:2},{%22value%22:%22TRANSMISIE LIVESTREAMING%22,%22checked%22:0,%22dragID%22:3},{%22value%22:%22LIVE BAND \/ COVER%22,%22checked%22:0,%22dragID%22:4},{%22value%22:%22SOLIST \/ SOLISTA%22,%22checked%22:0,%22dragID%22:5},{%22value%22:%22URSITOARE%22,%22checked%22:0,%22dragID%22:6},{%22value%22:%22INCHIRIERE SALA DE EVENIMENTE%22,%22checked%22:0,%22dragID%22:7},{%22value%22:%22ENTERTAINMENT PENTRU COPII%22,%22checked%22:0,%22dragID%22:8},{%22value%22:%22PICTURA PE FATA%22,%22checked%22:0,%22dragID%22:9},{%22value%22:%22MASCOTE DISNEY%22,%22checked%22:0,%22dragID%22:10},{%22value%22:%22ARCADA BALOANE%22,%22checked%22:0,%22dragID%22:11},{%22value%22:%22ARANJAMENTE SALA%22,%22checked%22:0,%22dragID%22:12},{%22value%22:%22DANS TIGANESC%22,%22checked%22:0,%22dragID%22:13},{%22value%22:%22DANS ORIENTAL%22,%22checked%22:0,%22dragID%22:14},{%22value%22:%22COREGRAFIE DANSUL MIRILOR%22,%22checked%22:0,%22dragID%22:15},{%22value%22:%22EFECT SPECIAL SAMPANIE%22,%22checked%22:0,%22dragID%22:16},{%22value%22:%22ARTIFICII%22,%22checked%22:0,%22dragID%22:17},{%22value%22:%22FUM GREU%22,%22checked%22:0,%22dragID%22:18},{%22value%22:%22INCHIRIERE SONORIZARE%22,%22checked%22:0,%22dragID%22:19},{%22value%22:%22INCHIRIERE SCENA%22,%22checked%22:0,%22dragID%22:20},{%22value%22:%22TEHNICIAN LUMNI%22,%22checked%22:0,%22dragID%22:21},{%22value%22:%22TEHNICIAN SUNET%22,%22checked%22:0,%22dragID%22:22},{%22value%22:%22LUMINI ARHITECTURALE%22,%22checked%22:0,%22dragID%22:23},{%22value%22:%22SCHELA LUMINI SMART%22,%22checked%22:0,%22dragID%22:24},{%22value%22:%22EFECTE VIZUALE PERSONALIZATE%22,%22checked%22:0,%22dragID%22:25},{%22value%22:%22ECRAN LED &#038; VIDEO PROJECTOR%22,%22checked%22:0,%22dragID%22:26}%93&#8243; fullwidth_field=&#8221;on&#8221; _builder_version=&#8221;4.27.0&#8243; _module_preset=&#8221;default&#8221; form_field_background_color=&#8221;RGBA(255,255,255,0)&#8221; form_field_text_color=&#8221;#FFFFFF&#8221; custom_css_free_form=&#8221;.et_pb_contact_field_options_title{||  color: white;||  font-size:20px;||}&#8221; global_colors_info=&#8221;{}&#8221; custom_css_main_element_last_edited=&#8221;on|phone&#8221; custom_css_main_element_phone=&#8221;padding-top:25px !important;||padding-bottom:25px !important;&#8221;][\/et_pb_contact_field][\/et_pb_contact_form][\/et_pb_column][\/et_pb_row][\/et_pb_section]<\/p>\n","protected":false},"excerpt":{"rendered":"<p>Solicita ofertaEchipa noastra dedicata este aici pentru a va oferi cele mai bune servicii<\/p>","protected":false},"author":2,"featured_media":0,"parent":0,"menu_order":0,"comment_status":"closed","ping_status":"closed","template":"","meta":{"_et_pb_use_builder":"on","_et_pb_old_content":"<!-- wp:divi\/placeholder \/-->","_et_gb_content_width":"","footnotes":""},"class_list":["post-1132","page","type-page","status-publish","hentry"],"_links":{"self":[{"href":"https:\/\/proeventsuk.com\/en\/wp-json\/wp\/v2\/pages\/1132","targetHints":{"allow":["GET"]}}],"collection":[{"href":"https:\/\/proeventsuk.com\/en\/wp-json\/wp\/v2\/pages"}],"about":[{"href":"https:\/\/proeventsuk.com\/en\/wp-json\/wp\/v2\/types\/page"}],"author":[{"embeddable":true,"href":"https:\/\/proeventsuk.com\/en\/wp-json\/wp\/v2\/users\/2"}],"replies":[{"embeddable":true,"href":"https:\/\/proeventsuk.com\/en\/wp-json\/wp\/v2\/comments?post=1132"}],"version-history":[{"count":24,"href":"https:\/\/proeventsuk.com\/en\/wp-json\/wp\/v2\/pages\/1132\/revisions"}],"predecessor-version":[{"id":1170,"href":"https:\/\/proeventsuk.com\/en\/wp-json\/wp\/v2\/pages\/1132\/revisions\/1170"}],"wp:attachment":[{"href":"https:\/\/proeventsuk.com\/en\/wp-json\/wp\/v2\/media?parent=1132"}],"curies":[{"name":"wp","href":"https:\/\/api.w.org\/{rel}","templated":true}]}}